{"id":1873,"date":"2024-10-21T14:36:57","date_gmt":"2024-10-21T14:36:57","guid":{"rendered":"https:\/\/pietrozardini.it\/?page_id=1873"},"modified":"2026-01-28T08:17:30","modified_gmt":"2026-01-28T08:17:30","slug":"hercules-apoteosis","status":"publish","type":"page","link":"https:\/\/pietrozardini.it\/en\/hercules-apoteosis\/","title":{"rendered":"Hercules Apoteosis"},"content":{"rendered":"<section class=\"l-section wpb_row height_medium\"><div class=\"l-section-h i-cf\"><div class=\"g-cols vc_row type_default valign_top\"><div class=\"vc_col-sm-12 wpb_column vc_column_container\"><div class=\"vc_column-inner\"><div class=\"wpb_wrapper\"><div class=\"w-image align_center animate_afl d1\"><div class=\"w-image-h\"><img loading=\"lazy\" decoding=\"async\" width=\"1600\" height=\"900\" src=\"https:\/\/pietrozardini.it\/wp-content\/uploads\/2024\/10\/hercules-zardini-header.jpg\" class=\"attachment-full size-full\" alt=\"\" srcset=\"https:\/\/pietrozardini.it\/wp-content\/uploads\/2024\/10\/hercules-zardini-header.jpg 1600w, https:\/\/pietrozardini.it\/wp-content\/uploads\/2024\/10\/hercules-zardini-header-300x169.jpg 300w, https:\/\/pietrozardini.it\/wp-content\/uploads\/2024\/10\/hercules-zardini-header-1024x576.jpg 1024w, https:\/\/pietrozardini.it\/wp-content\/uploads\/2024\/10\/hercules-zardini-header-768x432.jpg 768w, https:\/\/pietrozardini.it\/wp-content\/uploads\/2024\/10\/hercules-zardini-header-1536x864.jpg 1536w, https:\/\/pietrozardini.it\/wp-content\/uploads\/2024\/10\/hercules-zardini-header-600x338.jpg 600w\" sizes=\"auto, (max-width: 1600px) 100vw, 1600px\" \/><\/div><\/div><\/div><\/div><\/div><\/div><\/div><\/section><section class=\"l-section wpb_row height_medium\"><div class=\"l-section-h i-cf\"><div class=\"g-cols vc_row type_default valign_top\"><div class=\"vc_col-sm-12 wpb_column vc_column_container\"><div class=\"vc_column-inner\"><div class=\"wpb_wrapper\">\r\n\t<div class=\"wpb_text_column \">\r\n\t\t<div class=\"wpb_wrapper\">\r\n\t\t\t<h4 style=\"text-align: center;\">The ancients glorified with apotheosis,<br \/>\na divine being who descended temporarily to earth,<br \/>\nduring the return to the celestial abode.<\/h4>\n\r\n\t\t<\/div>\r\n\t<\/div>\r\n<\/div><\/div><\/div><\/div><\/div><\/section><section class=\"l-section wpb_row height_medium\"><div class=\"l-section-h i-cf\"><div class=\"g-cols vc_row type_default valign_top\"><div class=\"vc_col-sm-6 wpb_column vc_column_container\"><div class=\"vc_column-inner\"><div class=\"wpb_wrapper\">\r\n\t<div class=\"wpb_text_column \">\r\n\t\t<div class=\"wpb_wrapper\">\r\n\t\t\t<p>HERCULES, VALPOLICELLA SUPERIORE<\/p>\n<p>Hercules is my latest creation, a high quality Valpolicella Superiore.<\/p>\n<p>Like its older brother Decem, it is the perfect union between amphora and wood, a meeting between two ancient and different aging styles, expertly combined after years of careful experimentation.<\/p>\n\r\n\t\t<\/div>\r\n\t<\/div>\r\n<span id=\"creative-link-wrap-6893\" class=\"ult_main_cl ult-adjust-bottom-margin btn-zar \" >\r\n\t \t\t\t<span class=\"ult_cl_link_2  ult_crlink\" >\r\n\t\t\t\t\t<a  data-ultimate-target='#creative-link-wrap-6893 .ult_colorlink'  data-responsive-json-new='{\"font-size\":\"\",\"line-height\":\"\"}'  href=\"https:\/\/pietrozardini.it\/en\/vini-valpolicella\/hercules-valpolicella-superiore\/\" title=\"visita-cantina-valpolicella\"  class=\"ult_colorlink ult-responsive \" style=\"font-weight:normal; \"  data-textcolor=\"#333333\" data-texthover=\"#333333\"data-bgcolor=\"#f6eddc\"data-bghover=\"#ffffff\"data-style=\"Style_2\">\r\n\t\t\t\t\t\t\r\n\t\t\t\t\t\t<span data-hover=\"HERCULES, Valpolicella Superiore\" style=\"color:#333333;;background:#f6eddc;;\" class=\"ult_btn10_span   \">HERCULES, Valpolicella Superiore<\/span>\r\n\t\t\t\t\t\t\r\n\t\t\t\t\t<\/a>\r\n\t\t\t\t<\/span>\r\n\t\t\t<\/span><\/div><\/div><\/div><div class=\"vc_col-sm-6 wpb_column vc_column_container\"><div class=\"vc_column-inner\"><div class=\"wpb_wrapper\">\r\n\t<div class=\"wpb_text_column \">\r\n\t\t<div class=\"wpb_wrapper\">\r\n\t\t\t<p>The art<br \/>\nProduced in the most important years. Blend of the best grapes from the most suitable vineyards.<\/p>\n<p>Vineyards cultivated personally, with my techniques learned from my father Leone and respecting Nature to the maximum.<br \/>\nVinified in a wooden vat with hand punching. Pressed with an old manual press.<br \/>\nAged in amphora and then in barrels for a total of about five years<br \/>\nBottled with great respect and refined for about a year in the bottle.<\/p>\n\r\n\t\t<\/div>\r\n\t<\/div>\r\n<div class=\"w-separator type_default size_medium thick_1 style_solid color_border cont_none\"><span class=\"w-separator-h\"><\/span><\/div><\/div><\/div><\/div><\/div><\/div><\/section>\n","protected":false},"excerpt":{"rendered":"{:it} Gli antichi glorificavano con l'apoteosi, un essere divino disceso temporaneamente sulla terra, durante il ritorno alla dimora celeste. HERCULES, VALPOLICELLA SUPERIORE Hercules \u00e8 la mia ultima creazione, un Valpolicella Superiore di grande qualit\u00e0. Come il fratello maggiore Decem \u00e8 l\u2019unione perfetta tra l\u2019anfora ed il legno, un incontro tra due stili di affinamento antichi...","protected":false},"author":3,"featured_media":0,"parent":0,"menu_order":0,"comment_status":"closed","ping_status":"closed","template":"","meta":{"footnotes":""},"class_list":["post-1873","page","type-page","status-publish","hentry"],"translation":{"provider":"WPGlobus","version":"3.0.2","language":"en","enabled_languages":["it","en"],"languages":{"it":{"title":true,"content":true,"excerpt":false},"en":{"title":false,"content":true,"excerpt":false}}},"_links":{"self":[{"href":"https:\/\/pietrozardini.it\/en\/wp-json\/wp\/v2\/pages\/1873","targetHints":{"allow":["GET"]}}],"collection":[{"href":"https:\/\/pietrozardini.it\/en\/wp-json\/wp\/v2\/pages"}],"about":[{"href":"https:\/\/pietrozardini.it\/en\/wp-json\/wp\/v2\/types\/page"}],"author":[{"embeddable":true,"href":"https:\/\/pietrozardini.it\/en\/wp-json\/wp\/v2\/users\/3"}],"replies":[{"embeddable":true,"href":"https:\/\/pietrozardini.it\/en\/wp-json\/wp\/v2\/comments?post=1873"}],"version-history":[{"count":1,"href":"https:\/\/pietrozardini.it\/en\/wp-json\/wp\/v2\/pages\/1873\/revisions"}],"predecessor-version":[{"id":2012,"href":"https:\/\/pietrozardini.it\/en\/wp-json\/wp\/v2\/pages\/1873\/revisions\/2012"}],"wp:attachment":[{"href":"https:\/\/pietrozardini.it\/en\/wp-json\/wp\/v2\/media?parent=1873"}],"curies":[{"name":"wp","href":"https:\/\/api.w.org\/{rel}","templated":true}]}}