{"id":1397,"date":"2018-09-17T14:08:42","date_gmt":"2018-09-17T14:08:42","guid":{"rendered":"http:\/\/pietrozardini.it\/?page_id=1397"},"modified":"2026-04-29T07:37:26","modified_gmt":"2026-04-29T07:37:26","slug":"amarone-riserva-leone-zardini","status":"publish","type":"page","link":"https:\/\/pietrozardini.it\/en\/amarone-riserva-leone-zardini\/","title":{"rendered":"Amarone Riserva Leone Zardini"},"content":{"rendered":"<section class=\"l-section wpb_row height_medium\"><div class=\"l-section-h i-cf\"><div class=\"g-cols vc_row type_default valign_top\"><div class=\"vc_col-sm-12 wpb_column vc_column_container\"><div class=\"vc_column-inner\"><div class=\"wpb_wrapper\"><div class=\"w-image align_center animate_afl d1\"><div class=\"w-image-h\"><img loading=\"lazy\" decoding=\"async\" width=\"1140\" height=\"761\" src=\"https:\/\/pietrozardini.it\/wp-content\/uploads\/2018\/09\/pg-amarone-riserva-leone-zardini.jpg\" class=\"attachment-full size-full\" alt=\"\" srcset=\"https:\/\/pietrozardini.it\/wp-content\/uploads\/2018\/09\/pg-amarone-riserva-leone-zardini.jpg 1140w, https:\/\/pietrozardini.it\/wp-content\/uploads\/2018\/09\/pg-amarone-riserva-leone-zardini-300x200.jpg 300w, https:\/\/pietrozardini.it\/wp-content\/uploads\/2018\/09\/pg-amarone-riserva-leone-zardini-768x513.jpg 768w, https:\/\/pietrozardini.it\/wp-content\/uploads\/2018\/09\/pg-amarone-riserva-leone-zardini-1024x684.jpg 1024w, https:\/\/pietrozardini.it\/wp-content\/uploads\/2018\/09\/pg-amarone-riserva-leone-zardini-600x400.jpg 600w\" sizes=\"auto, (max-width: 1140px) 100vw, 1140px\" \/><\/div><\/div><\/div><\/div><\/div><\/div><\/div><\/section><section class=\"l-section wpb_row height_medium\"><div class=\"l-section-h i-cf\"><div class=\"g-cols vc_row type_default valign_top\"><div class=\"vc_col-sm-6 wpb_column vc_column_container\"><div class=\"vc_column-inner\"><div class=\"wpb_wrapper\">\r\n\t<div class=\"wpb_text_column \">\r\n\t\t<div class=\"wpb_wrapper\">\r\n\t\t\t<h4>The Wine<\/h4>\n<p>I have always thought that Amarone is one of the most important wines in the world and nobody will ever convince me otherwise!<br \/>\nThere are multiple reasons that prove my point: Its undisputed quality, the long production process and, especially, the unique winemaking technique, the appassimento (grape drying), an ancient practice enhancing the flavour profile and the structure.<br \/>\nI have always continued my quest for high quality with the burning desire to make new wines deploying modern and ancient procedures to achieve excellence.<br \/>\nThe turning point was the year 2003 when, driven by the ambition, I decided to create a new special Amarone, a Riserva with a limited production: an old-school wine combining complexity, elegance and finesse, because this is what a real Amarone should be about.<br \/>\nA Bordeaux-style Amarone? I will let the others do that!<\/p>\n\r\n\t\t<\/div>\r\n\t<\/div>\r\n<div class=\"w-separator type_default size_medium thick_1 style_solid color_border cont_none\"><span class=\"w-separator-h\"><\/span><\/div>\r\n\t<div class=\"wpb_text_column \">\r\n\t\t<div class=\"wpb_wrapper\">\r\n\t\t\t<h4>The Riserva concept<\/h4>\n<p>Made exclusively in excellent vintages<br \/>\nHand-picked grapes from the best vineyards: Monte Mattonara in the village of San Floriano and Valfiorita in Negrar.<br \/>\nThe vines are carefully looked after with sustainable practices with a low environmental impact Natural drying without dehumidifiers in order to enhance the structure and maintain the identity of the wine.<br \/>\nThe winemaking takes place in a wooden vat with manual pumping overs.<br \/>\nPressed with a traditional manual press<br \/>\nAged in big barrels and tonneaux<\/p>\n\r\n\t\t<\/div>\r\n\t<\/div>\r\n<div class=\"w-separator type_default size_medium thick_1 style_solid color_border cont_none\"><span class=\"w-separator-h\"><\/span><\/div><div class=\"w-video ratio_16x9\"><div class=\"w-video-h\"><iframe loading=\"lazy\" width=\"420\" height=\"315\" src=\"\/\/www.youtube.com\/embed\/wFyMOvMt3p0?rel=0\" allowfullscreen><\/iframe><\/div><\/div><div class=\"w-separator type_default size_medium thick_1 style_solid color_border cont_none\"><span class=\"w-separator-h\"><\/span><\/div>\r\n\t<div class=\"wpb_text_column \">\r\n\t\t<div class=\"wpb_wrapper\">\r\n\t\t\t<h4>The Rise<\/h4>\n<p>2003 turned out to be a very hot vintage with the grapes struggling because of the heat. 2004 did not quite convince me, the weather pattern had not been ideal for the ripening.<br \/>\nFinally, in 2005 I did manage to make an amazing wine that would be released in 2012, after a six-year ageing: the Amarone Riserva Leone Zardini.<br \/>\nA stunning wine, a drinkability that belied its massive structure and alcohol content, an authentic Valpolicella, wine that remains true to its identity and to its soul.<\/p>\n<p>I decided to dedicate it to my father Leone, 80 years of age, a man of generous temperament acting both as a stern guardian of the winery and funny entertainer of our customers. Indeed, the labels portrays him next to his inseparable tractor Landini Testa Calda back in the year<br \/>\n1956.<\/p>\n<p>My dad Leone passed away on the 8th June 2017 at home, above his old cellar, surrounded by his caring and\u00a0loving family.<\/p>\n\r\n\t\t<\/div>\r\n\t<\/div>\r\n<\/div><\/div><\/div><div class=\"vc_col-sm-6 wpb_column vc_column_container animate_afr\"><div class=\"vc_column-inner\"><div class=\"wpb_wrapper\">\r\n\t<div class=\"wpb_text_column \">\r\n\t\t<div class=\"wpb_wrapper\">\r\n\t\t\t<h3>Awards and ratings<\/h3>\n<h4>Vintage 2019<\/h4>\n<ul>\n<li>Tre Bicchieri \u2013 Gambero Rosso 2026<\/li>\n<li>5 Grappoli \u2013 Guida Bibenda 2026<\/li>\n<li>4 Stelle \u2013 Vini Buoni d\u2019Italia Touring Club Italiano 2026<\/li>\n<li>Gold Medal \u2013 Mundus Vini 2025<\/li>\n<\/ul>\n<h4>Vintage 2018<\/h4>\n<ul>\n<li>5 Grappoli \u2013 Guida Bibenda 2025<\/li>\n<li>Gold Medal \u2013 Mundus Vini 2024<\/li>\n<li>Gold Medal \u2013 The Wine Hunter Award 2024 Merano Wine Festival<\/li>\n<li>4 stelle \u2013 Vini Buoni d\u2019Italia Tourin Club Italiano 2024<\/li>\n<li>96\/100 \u2013 Annuario dei Migliori Vini Italiani 2025 L. Maroni<\/li>\n<\/ul>\n<h4>Vintage 2017<\/h4>\n<ul>\n<li>Tre Bicchieri \u2013 Gambero Rosso 2024<\/li>\n<li>5 Grappoli \u2013 Guida Bibenda 2024<\/li>\n<li>4 Stelle \u2013 Vini Buoni d\u2019Italia Touring Club Italiano 2024<\/li>\n<li>Oro Mundus Monaco<\/li>\n<li>Oro WineHunter Merano<\/li>\n<\/ul>\n<h4>Vintage 2016<\/h4>\n<ul>\n<li>5 Grappoli \u2013 Guida Bibenda 2023<\/li>\n<li>Gold Medal \u2013 Mundus Vini 2022<\/li>\n<li>Gold Medal \u2013 The Wine Hunter Award 2022 Merano Wine Festival<\/li>\n<li>4 stelle \u2013 Vini Buoni d\u2019Italia Tourin Club Italiano 2023<\/li>\n<li>94\/100 \u2013 Guida Oro Veronelli 2023<\/li>\n<li>94\/100 \u2013 Annuario dei Migliori Vini Italiani 2023 L. Maroni<\/li>\n<\/ul>\n<h4>Vintage 2015<\/h4>\n<ul>\n<li>5 Grappoli \u2013 Guida Bibenda 2022<\/li>\n<li>Gold Medal \u2013 Mundus Vini 2021<\/li>\n<li>Gold Medal \u2013 The Wine Hunter Award 2021 Merano Wine Festival<\/li>\n<li>4 stelle \u2013 Vini Buoni d\u2019Italia Tourin Club Italiano 2022<\/li>\n<li>93\/100 \u2013 Guida Oro Veronelli 2022<\/li>\n<li>95\/100 \u2013 Annuario dei Migliori Vini Italiani 2022 L. Maroni<\/li>\n<\/ul>\n<h4>Vintage 2013<\/h4>\n<ul>\n<li>Tre Bicchieri \u2013 Gambero Rosso 2021<\/li>\n<li>5 Grappoli \u2013 Guida Bibenda 2021<\/li>\n<li>4 Stelle \u2013 Vini Buoni d\u2019Italia Touring Club Italiano 2021<\/li>\n<li>92\/100 &#8211; Guida Oro Veronelli 2021<\/li>\n<li>4 Viti &#8211; Guida Vitae 2021<\/li>\n<li>94\/100 &#8211; Annuario dei Miglior Vini Italiani 2021 L. Maroni<\/li>\n<\/ul>\n<h4>Vintage 2012<\/h4>\n<ul>\n<li>Tre Bicchieri \u2013 Gambero Rosso 2020<\/li>\n<li>5 Grappoli \u2013 Guida Bibenda 2020<\/li>\n<li>Corona- Buoni vini d\u2019Italia 2020<\/li>\n<li>Corona del Pubblico- Buoni vini d\u2019Italia 2020<\/li>\n<li>Gold Medal 95 pts \u2013 Decanter Asia<\/li>\n<li>Gold Medal \u2013 Mundus Vini 2019<\/li>\n<li>Gold metal &#8211; Wine Hunter Merano wine festival<\/li>\n<\/ul>\n<h4>Vintage 2011<\/h4>\n<ul>\n<li>Tre Bicchieri &#8211; Gambero Rosso 2019<\/li>\n<li><span lang=\"IT\">5 Grappoli \u2013 Guida Bibenda 2019<\/span><\/li>\n<li>93 pts &#8211; Annuario dei Migliori Vini Italiani 2019 L. Maroni<\/li>\n<li>Gold Medal &#8211; Mundus Vini 2018<\/li>\n<li>Diploma di Merito &#8211; Verona Wine Top 2018<\/li>\n<\/ul>\n<h4>Vintage 2010<\/h4>\n<ul>\n<li>Silver Medal &#8211; Decanter Wine Awards 2018<\/li>\n<li>93 pts &#8211; Concorso Vinitaly \u201c5 Stars Wines\u201d 2018<\/li>\n<li>5 Grappoli &#8211; Guida Bibenda 2018<\/li>\n<li>Gold Medal &#8211; Mundus Vini 2017<\/li>\n<li>4 Rosoni Ais Veneto &#8211; Vinetia 2018<\/li>\n<li>Silver Medal- Decanter Asia 2018<\/li>\n<li>Diploma di Merito &#8211; Verona Wine Top 2017<\/li>\n<li>91 pts &#8211; Annuario dei Migliori Vini Italiani 2018 L. Maroni<\/li>\n<li>92 pts &#8211; Guida Oro Luigi Veronelli 2018<\/li>\n<\/ul>\n<h4>Vintage 2009<\/h4>\n<ul>\n<li>91 pts &#8211; Decanter 2017<\/li>\n<li>Diploma di Merito &#8211; Verona Wine Top 2016<\/li>\n<li>Gold Medal &#8211; Mundus Vini 2016<\/li>\n<li>91 pts &#8211; Annuario dei Migliori Vini Italiani 2017 L. Maroni<\/li>\n<li>92 pts \u2013 Guida Oro Luigi Veronelli 2017<\/li>\n<li>90 pts &#8211; Wine Enthusiast<\/li>\n<\/ul>\n<h4>Vintage 2008<\/h4>\n<ul>\n<li>90 pts &#8211; Wine Enthusiast<\/li>\n<li>Gold Medal &#8211; Mundus Vini 2014<\/li>\n<li>Bronze Medal &#8211; Hong Kong Wine &amp; Spirit Competition 2014<\/li>\n<li>91 pts &#8211; Decanter<\/li>\n<li>90 pts &#8211; Annuario dei Migliori Vini Italiani 2016 L. Maroni<\/li>\n<li>92 pts &#8211; Guida Oro Luigi Veronelli 2015<\/li>\n<\/ul>\n<h4>Vintage 2005<\/h4>\n<ul>\n<li>The Best red Wine in Europe- Mundus Vini 2012<\/li>\n<li>Grosses Gold Medal &#8211; Mundus Vini 2012<\/li>\n<li>91 pts &#8211; Wine Enthusiast<\/li>\n<li>4 stelle &#8211; Vini Buoni d\u2019Italia<\/li>\n<li>92 pts &#8211; Guida Oro Luigi Veronelli 2014<\/li>\n<li>91 pts &#8211; Wine Enthusiast<\/li>\n<\/ul>\n\r\n\t\t<\/div>\r\n\t<\/div>\r\n<\/div><\/div><\/div><\/div><\/div><\/section><section class=\"l-section wpb_row height_medium\"><div class=\"l-section-h i-cf\"><div class=\"g-cols vc_row type_default valign_top\"><div class=\"vc_col-sm-6 wpb_column vc_column_container\"><div class=\"vc_column-inner\"><div class=\"wpb_wrapper\"><div class=\"w-image\"><div class=\"w-image-h\"><img loading=\"lazy\" decoding=\"async\" width=\"768\" height=\"511\" src=\"https:\/\/pietrozardini.it\/wp-content\/uploads\/2018\/09\/leone-trattore-pietro-zardini-768x511.jpg\" class=\"attachment-medium_large size-medium_large\" alt=\"\" srcset=\"https:\/\/pietrozardini.it\/wp-content\/uploads\/2018\/09\/leone-trattore-pietro-zardini-768x511.jpg 768w, https:\/\/pietrozardini.it\/wp-content\/uploads\/2018\/09\/leone-trattore-pietro-zardini-300x200.jpg 300w, https:\/\/pietrozardini.it\/wp-content\/uploads\/2018\/09\/leone-trattore-pietro-zardini-600x400.jpg 600w, https:\/\/pietrozardini.it\/wp-content\/uploads\/2018\/09\/leone-trattore-pietro-zardini.jpg 1000w\" sizes=\"auto, (max-width: 768px) 100vw, 768px\" \/><\/div><\/div><\/div><\/div><\/div><div class=\"vc_col-sm-6 wpb_column vc_column_container\"><div class=\"vc_column-inner\"><div class=\"wpb_wrapper\">\r\n\t<div class=\"wpb_text_column \">\r\n\t\t<div class=\"wpb_wrapper\">\r\n\t\t\t<h4>My father, Leone Zardini, passed away on June 8, 2017, in his home in San Floriano, surrounded by the love of his family, above his winery.<\/h4>\n\r\n\t\t<\/div>\r\n\t<\/div>\r\n<\/div><\/div><\/div><\/div><\/div><\/section>\n","protected":false},"excerpt":{"rendered":"{:it} Il vino Non ho mai smesso di pensare che l\u2019Amarone sia uno dei pi\u00f9 importanti vini al mondo e nessuno mi convincer\u00e0 mai del contrario! Sicuramente per l\u2019indiscussa qualit\u00e0, la difficolt\u00e0 produttiva e perch\u00e9 nasce dopo un lungo appassimento delle uve, pratica secolare che amplifica ogni sentore sia olfattivo che al palato. La ricerca...","protected":false},"author":3,"featured_media":0,"parent":0,"menu_order":0,"comment_status":"closed","ping_status":"closed","template":"","meta":{"footnotes":""},"class_list":["post-1397","page","type-page","status-publish","hentry"],"translation":{"provider":"WPGlobus","version":"3.0.2","language":"en","enabled_languages":["it","en"],"languages":{"it":{"title":true,"content":true,"excerpt":false},"en":{"title":false,"content":true,"excerpt":false}}},"_links":{"self":[{"href":"https:\/\/pietrozardini.it\/en\/wp-json\/wp\/v2\/pages\/1397","targetHints":{"allow":["GET"]}}],"collection":[{"href":"https:\/\/pietrozardini.it\/en\/wp-json\/wp\/v2\/pages"}],"about":[{"href":"https:\/\/pietrozardini.it\/en\/wp-json\/wp\/v2\/types\/page"}],"author":[{"embeddable":true,"href":"https:\/\/pietrozardini.it\/en\/wp-json\/wp\/v2\/users\/3"}],"replies":[{"embeddable":true,"href":"https:\/\/pietrozardini.it\/en\/wp-json\/wp\/v2\/comments?post=1397"}],"version-history":[{"count":5,"href":"https:\/\/pietrozardini.it\/en\/wp-json\/wp\/v2\/pages\/1397\/revisions"}],"predecessor-version":[{"id":2053,"href":"https:\/\/pietrozardini.it\/en\/wp-json\/wp\/v2\/pages\/1397\/revisions\/2053"}],"wp:attachment":[{"href":"https:\/\/pietrozardini.it\/en\/wp-json\/wp\/v2\/media?parent=1397"}],"curies":[{"name":"wp","href":"https:\/\/api.w.org\/{rel}","templated":true}]}}